{"id":1045,"date":"2020-01-13T13:30:35","date_gmt":"2020-01-13T13:30:35","guid":{"rendered":"http:\/\/centrocoreograficomariapages.org\/maria-pages\/"},"modified":"2021-12-20T16:14:36","modified_gmt":"2021-12-20T16:14:36","slug":"maria-pages","status":"publish","type":"page","link":"http:\/\/centrocoreograficomariapages.org\/en\/maria-pages\/","title":{"rendered":"Mar\u00eda Pag\u00e9s"},"content":{"rendered":"","protected":false},"excerpt":{"rendered":"","protected":false},"author":1,"featured_media":0,"parent":0,"menu_order":0,"comment_status":"closed","ping_status":"closed","template":"","meta":{"_acf_changed":false,"footnotes":""},"class_list":["post-1045","page","type-page","status-publish","hentry"],"acf":[],"yoast_head":"<!-- This site is optimized with the Yoast SEO plugin v26.8 - https:\/\/yoast.com\/product\/yoast-seo-wordpress\/ -->\n<title>Mar\u00eda Pag\u00e9s - Centro coreogr\u00e1fico Mar\u00eda Pag\u00e9s<\/title>\n<meta name=\"description\" content=\"Mar\u00eda Pag\u00e9s, Sevillian-born, of Catalan origins &amp; Madrilene adoption is an iconoclast that has made out of Flamenco her own poetic homeland\" \/>\n<meta name=\"robots\" content=\"index, follow, max-snippet:-1, max-image-preview:large, max-video-preview:-1\" \/>\n<link rel=\"canonical\" href=\"http:\/\/centrocoreograficomariapages.org\/en\/maria-pages\/\" \/>\n<meta property=\"og:locale\" content=\"en_US\" \/>\n<meta property=\"og:type\" content=\"article\" \/>\n<meta property=\"og:title\" content=\"Mar\u00eda Pag\u00e9s - Centro coreogr\u00e1fico Mar\u00eda Pag\u00e9s\" \/>\n<meta property=\"og:description\" content=\"Mar\u00eda Pag\u00e9s, nacida en Sevilla, de or\u00edgenes catalanes, madrile\u00f1a de adopci\u00f3n, ha hecho de la danza flamenca su patria po\u00e9tica.\" \/>\n<meta property=\"og:url\" content=\"http:\/\/centrocoreograficomariapages.org\/en\/maria-pages\/\" \/>\n<meta property=\"og:site_name\" content=\"Centro coreogr\u00e1fico Mar\u00eda Pag\u00e9s\" \/>\n<meta property=\"article:publisher\" content=\"https:\/\/es-es.facebook.com\/Maria.Pages.Cia\/\" \/>\n<meta property=\"article:modified_time\" content=\"2021-12-20T16:14:36+00:00\" \/>\n<meta name=\"twitter:card\" content=\"summary_large_image\" \/>\n<meta name=\"twitter:description\" content=\"Mar\u00eda Pag\u00e9s, nacida en Sevilla, de or\u00edgenes catalanes, madrile\u00f1a de adopci\u00f3n, ha hecho de la danza flamenca su patria po\u00e9tica.\" \/>\n<script type=\"application\/ld+json\" class=\"yoast-schema-graph\">{\"@context\":\"https:\/\/schema.org\",\"@graph\":[{\"@type\":\"WebPage\",\"@id\":\"http:\/\/centrocoreograficomariapages.org\/en\/maria-pages\/\",\"url\":\"http:\/\/centrocoreograficomariapages.org\/en\/maria-pages\/\",\"name\":\"Mar\u00eda Pag\u00e9s - Centro coreogr\u00e1fico Mar\u00eda Pag\u00e9s\",\"isPartOf\":{\"@id\":\"http:\/\/centrocoreograficomariapages.org\/en\/#website\"},\"datePublished\":\"2020-01-13T13:30:35+00:00\",\"dateModified\":\"2021-12-20T16:14:36+00:00\",\"description\":\"Mar\u00eda Pag\u00e9s, Sevillian-born, of Catalan origins & Madrilene adoption is an iconoclast that has made out of Flamenco her own poetic homeland\",\"breadcrumb\":{\"@id\":\"http:\/\/centrocoreograficomariapages.org\/en\/maria-pages\/#breadcrumb\"},\"inLanguage\":\"en-US\",\"potentialAction\":[{\"@type\":\"ReadAction\",\"target\":[\"http:\/\/centrocoreograficomariapages.org\/en\/maria-pages\/\"]}]},{\"@type\":\"BreadcrumbList\",\"@id\":\"http:\/\/centrocoreograficomariapages.org\/en\/maria-pages\/#breadcrumb\",\"itemListElement\":[{\"@type\":\"ListItem\",\"position\":1,\"name\":\"Portada\",\"item\":\"https:\/\/centrocoreograficomariapages.org\/en\/\"},{\"@type\":\"ListItem\",\"position\":2,\"name\":\"Mar\u00eda Pag\u00e9s\"}]},{\"@type\":\"WebSite\",\"@id\":\"http:\/\/centrocoreograficomariapages.org\/en\/#website\",\"url\":\"http:\/\/centrocoreograficomariapages.org\/en\/\",\"name\":\"Centro coreogr\u00e1fico Mar\u00eda Pag\u00e9s\",\"description\":\"Just another WordPress site\",\"publisher\":{\"@id\":\"http:\/\/centrocoreograficomariapages.org\/en\/#organization\"},\"potentialAction\":[{\"@type\":\"SearchAction\",\"target\":{\"@type\":\"EntryPoint\",\"urlTemplate\":\"http:\/\/centrocoreograficomariapages.org\/en\/?s={search_term_string}\"},\"query-input\":{\"@type\":\"PropertyValueSpecification\",\"valueRequired\":true,\"valueName\":\"search_term_string\"}}],\"inLanguage\":\"en-US\"},{\"@type\":\"Organization\",\"@id\":\"http:\/\/centrocoreograficomariapages.org\/en\/#organization\",\"name\":\"Centro coreogr\u00e1fico Mar\u00eda Pag\u00e9s\",\"url\":\"http:\/\/centrocoreograficomariapages.org\/en\/\",\"logo\":{\"@type\":\"ImageObject\",\"inLanguage\":\"en-US\",\"@id\":\"http:\/\/centrocoreograficomariapages.org\/en\/#\/schema\/logo\/image\/\",\"url\":\"http:\/\/centrocoreograficomariapages.org\/wp-content\/uploads\/2019\/12\/0_Loading.jpg\",\"contentUrl\":\"http:\/\/centrocoreograficomariapages.org\/wp-content\/uploads\/2019\/12\/0_Loading.jpg\",\"width\":1440,\"height\":911,\"caption\":\"Centro coreogr\u00e1fico Mar\u00eda Pag\u00e9s\"},\"image\":{\"@id\":\"http:\/\/centrocoreograficomariapages.org\/en\/#\/schema\/logo\/image\/\"},\"sameAs\":[\"https:\/\/es-es.facebook.com\/Maria.Pages.Cia\/\"]}]}<\/script>\n<!-- \/ Yoast SEO plugin. -->","yoast_head_json":{"title":"Mar\u00eda Pag\u00e9s - Centro coreogr\u00e1fico Mar\u00eda Pag\u00e9s","description":"Mar\u00eda Pag\u00e9s, Sevillian-born, of Catalan origins & Madrilene adoption is an iconoclast that has made out of Flamenco her own poetic homeland","robots":{"index":"index","follow":"follow","max-snippet":"max-snippet:-1","max-image-preview":"max-image-preview:large","max-video-preview":"max-video-preview:-1"},"canonical":"http:\/\/centrocoreograficomariapages.org\/en\/maria-pages\/","og_locale":"en_US","og_type":"article","og_title":"Mar\u00eda Pag\u00e9s - Centro coreogr\u00e1fico Mar\u00eda Pag\u00e9s","og_description":"Mar\u00eda Pag\u00e9s, nacida en Sevilla, de or\u00edgenes catalanes, madrile\u00f1a de adopci\u00f3n, ha hecho de la danza flamenca su patria po\u00e9tica.","og_url":"http:\/\/centrocoreograficomariapages.org\/en\/maria-pages\/","og_site_name":"Centro coreogr\u00e1fico Mar\u00eda Pag\u00e9s","article_publisher":"https:\/\/es-es.facebook.com\/Maria.Pages.Cia\/","article_modified_time":"2021-12-20T16:14:36+00:00","twitter_card":"summary_large_image","twitter_description":"Mar\u00eda Pag\u00e9s, nacida en Sevilla, de or\u00edgenes catalanes, madrile\u00f1a de adopci\u00f3n, ha hecho de la danza flamenca su patria po\u00e9tica.","schema":{"@context":"https:\/\/schema.org","@graph":[{"@type":"WebPage","@id":"http:\/\/centrocoreograficomariapages.org\/en\/maria-pages\/","url":"http:\/\/centrocoreograficomariapages.org\/en\/maria-pages\/","name":"Mar\u00eda Pag\u00e9s - Centro coreogr\u00e1fico Mar\u00eda Pag\u00e9s","isPartOf":{"@id":"http:\/\/centrocoreograficomariapages.org\/en\/#website"},"datePublished":"2020-01-13T13:30:35+00:00","dateModified":"2021-12-20T16:14:36+00:00","description":"Mar\u00eda Pag\u00e9s, Sevillian-born, of Catalan origins & Madrilene adoption is an iconoclast that has made out of Flamenco her own poetic homeland","breadcrumb":{"@id":"http:\/\/centrocoreograficomariapages.org\/en\/maria-pages\/#breadcrumb"},"inLanguage":"en-US","potentialAction":[{"@type":"ReadAction","target":["http:\/\/centrocoreograficomariapages.org\/en\/maria-pages\/"]}]},{"@type":"BreadcrumbList","@id":"http:\/\/centrocoreograficomariapages.org\/en\/maria-pages\/#breadcrumb","itemListElement":[{"@type":"ListItem","position":1,"name":"Portada","item":"https:\/\/centrocoreograficomariapages.org\/en\/"},{"@type":"ListItem","position":2,"name":"Mar\u00eda Pag\u00e9s"}]},{"@type":"WebSite","@id":"http:\/\/centrocoreograficomariapages.org\/en\/#website","url":"http:\/\/centrocoreograficomariapages.org\/en\/","name":"Centro coreogr\u00e1fico Mar\u00eda Pag\u00e9s","description":"Just another WordPress site","publisher":{"@id":"http:\/\/centrocoreograficomariapages.org\/en\/#organization"},"potentialAction":[{"@type":"SearchAction","target":{"@type":"EntryPoint","urlTemplate":"http:\/\/centrocoreograficomariapages.org\/en\/?s={search_term_string}"},"query-input":{"@type":"PropertyValueSpecification","valueRequired":true,"valueName":"search_term_string"}}],"inLanguage":"en-US"},{"@type":"Organization","@id":"http:\/\/centrocoreograficomariapages.org\/en\/#organization","name":"Centro coreogr\u00e1fico Mar\u00eda Pag\u00e9s","url":"http:\/\/centrocoreograficomariapages.org\/en\/","logo":{"@type":"ImageObject","inLanguage":"en-US","@id":"http:\/\/centrocoreograficomariapages.org\/en\/#\/schema\/logo\/image\/","url":"http:\/\/centrocoreograficomariapages.org\/wp-content\/uploads\/2019\/12\/0_Loading.jpg","contentUrl":"http:\/\/centrocoreograficomariapages.org\/wp-content\/uploads\/2019\/12\/0_Loading.jpg","width":1440,"height":911,"caption":"Centro coreogr\u00e1fico Mar\u00eda Pag\u00e9s"},"image":{"@id":"http:\/\/centrocoreograficomariapages.org\/en\/#\/schema\/logo\/image\/"},"sameAs":["https:\/\/es-es.facebook.com\/Maria.Pages.Cia\/"]}]}},"_links":{"self":[{"href":"http:\/\/centrocoreograficomariapages.org\/en\/wp-json\/wp\/v2\/pages\/1045","targetHints":{"allow":["GET"]}}],"collection":[{"href":"http:\/\/centrocoreograficomariapages.org\/en\/wp-json\/wp\/v2\/pages"}],"about":[{"href":"http:\/\/centrocoreograficomariapages.org\/en\/wp-json\/wp\/v2\/types\/page"}],"author":[{"embeddable":true,"href":"http:\/\/centrocoreograficomariapages.org\/en\/wp-json\/wp\/v2\/users\/1"}],"replies":[{"embeddable":true,"href":"http:\/\/centrocoreograficomariapages.org\/en\/wp-json\/wp\/v2\/comments?post=1045"}],"version-history":[{"count":81,"href":"http:\/\/centrocoreograficomariapages.org\/en\/wp-json\/wp\/v2\/pages\/1045\/revisions"}],"predecessor-version":[{"id":4279,"href":"http:\/\/centrocoreograficomariapages.org\/en\/wp-json\/wp\/v2\/pages\/1045\/revisions\/4279"}],"wp:attachment":[{"href":"http:\/\/centrocoreograficomariapages.org\/en\/wp-json\/wp\/v2\/media?parent=1045"}],"curies":[{"name":"wp","href":"https:\/\/api.w.org\/{rel}","templated":true}]}}